{"id":89,"date":"2018-03-11T14:20:34","date_gmt":"2018-03-11T13:20:34","guid":{"rendered":"http:\/\/www.bovie-imkerschutz.de\/?post_type=product&#038;p=89"},"modified":"2023-11-30T10:32:08","modified_gmt":"2023-11-30T09:32:08","slug":"jacke-mit-abnehmbarer-haube","status":"publish","type":"product","link":"https:\/\/www.bovie-imkerschutz.de\/fr\/produkt\/jacke-mit-abnehmbarer-haube\/","title":{"rendered":"Blouson avec voile rond amovible"},"content":{"rendered":"<p><\/p>\n<h5><strong>Blouson avec voile rond amovible<\/strong><\/h5>\n<p>par fermeture \u00e9clair, en coton env.220g\/qm manches avec poignets<br \/>\nen tricot; fermeture inf\u00e9rieure avec \u00e9lastique; 1 poche de poitrine<br \/>\net 2 de c\u00f4t\u00e9. La taille de chapeau peut \u00eatre r\u00e9gl\u00e9e par fermeture<br \/>\nVelcro; avec deux anneaux. Les vareuses sont pr\u00e9lav\u00e9s et lava-<br \/>\nbles jusqu&rsquo;\u00e0 60\u00b0 C. Chapeaux doivent \u00eatre lav\u00e9es \u00e0 la main.<\/p>\n<p>Vous pouvez trouver les voiles d&rsquo;\u00e9change <a href=\"https:\/\/www.bovie-imkerschutz.de\/ersatzhauben\/\">ici<\/a>.<\/p>\n<p>Tailles disponibles: <a href=\"https:\/\/www.bovie-imkerschutz.de\/wp-content\/uploads\/2023\/02\/sizes_vetements.pdf\" target=\"_blank\" rel=\"noopener noreferrer\"> T\u00e9l\u00e9charger ici <\/a><\/p>\n<p>D\u00e9claration de conformit\u00e9: <a href=\"https:\/\/www.bovie-imkerschutz.de\/wp-content\/uploads\/2023\/01\/Declaration_conformite_Vetements_blanc_Voiles.pdf\">T\u00e9l\u00e9charger ici<\/a><\/p>\n<p>Fiche d&rsquo;information: <a href=\"https:\/\/www.bovie-imkerschutz.de\/wp-content\/uploads\/2023\/01\/Information-vetements-blanc-F.pdf\" target=\"_blank\" rel=\"noopener noreferrer\"> T\u00e9l\u00e9charger ici <\/a><\/p>","protected":false},"excerpt":{"rendered":"<p>Blouson avec voile rond amovible par fermeture \u00e9clair, en coton env.220g\/qm manches avec poignets en tricot; fermeture inf\u00e9rieure avec \u00e9lastique; 1 poche de poitrine et 2 de c\u00f4t\u00e9. La taille de chapeau peut \u00eatre r\u00e9gl\u00e9e par fermeture Velcro; avec deux anneaux. Les vareuses sont pr\u00e9lav\u00e9s et lava- bles jusqu&rsquo;\u00e0 60\u00b0 [&hellip;]<\/p>\n","protected":false},"featured_media":972,"template":"","meta":[],"_links":{"self":[{"href":"https:\/\/www.bovie-imkerschutz.de\/fr\/wp-json\/wp\/v2\/product\/89"}],"collection":[{"href":"https:\/\/www.bovie-imkerschutz.de\/fr\/wp-json\/wp\/v2\/product"}],"about":[{"href":"https:\/\/www.bovie-imkerschutz.de\/fr\/wp-json\/wp\/v2\/types\/product"}],"wp:featuredmedia":[{"embeddable":true,"href":"https:\/\/www.bovie-imkerschutz.de\/fr\/wp-json\/wp\/v2\/media\/972"}],"wp:attachment":[{"href":"https:\/\/www.bovie-imkerschutz.de\/fr\/wp-json\/wp\/v2\/media?parent=89"}],"curies":[{"name":"wp","href":"https:\/\/api.w.org\/{rel}","templated":true}]}}