{"id":831,"date":"2022-07-14T13:54:33","date_gmt":"2022-07-14T11:54:33","guid":{"rendered":"https:\/\/www.bovie-imkerschutz.de\/?post_type=product&#038;p=831"},"modified":"2025-01-27T12:27:26","modified_gmt":"2025-01-27T11:27:26","slug":"jacke-vollventiliert","status":"publish","type":"product","link":"https:\/\/www.bovie-imkerschutz.de\/fr\/produkt\/jacke-vollventiliert\/","title":{"rendered":"Blouson enti\u00e8rement a\u00e9r\u00e9"},"content":{"rendered":"<p><\/p>\n<h5>Blouson enti\u00e8rement a\u00e9r\u00e9<\/h5>\n<p>Le blouson en tissu 3D offre une haute proctection contre les piq\u00fbres. Il est totalement a\u00e9r\u00e9 et offre un tr\u00e8s haut confort au port du fait de sa l\u00e9g\u00e8ret\u00e9.<\/p>\n<p>Il a devant 2 poches \u00e0 rabat et une poche \u00e0 stylo \u00e0 la manche gauche ainsi que des coudi\u00e8res. A hauteur du ventre se trouvent aussi 2 poches \u00e0 rabat et une garniture de protection.<\/p>\n<p>Une manchette en bout de manche avec trou pour le pouce offre un confort agr\u00e9able et emp\u00eache, comme l&rsquo;\u00e9lastique du bas, aux abeilles de p\u00e9n\u00e9trer sous le v\u00eatement.<\/p>\n<p>Le blouson peut \u00eatre \u00e9quip\u00e9 au choix avec un voile rond <a href=\"https:\/\/www.bovie-imkerschutz.de\/produkt\/ersatz-haube-s-5xl\/\" target=\"_blank\" rel=\"noopener noreferrer\">78 HSR<\/a> ou anglais <a href=\"https:\/\/www.bovie-imkerschutz.de\/produkt\/ersatz-haube-englisch-s-5xl\/\" target=\"_blank\" rel=\"noopener noreferrer\">78 HA<\/a>.<\/p>\n<p>Le voile peut \u00eatre s\u00e9par\u00e9 du v\u00eatement gr\u00e2ce aux fermetures \u00e9clair soit en partie pour le rabattre vers l&rsquo;arri\u00e8re soit totalement. De plus il poss\u00e8de \u00e0 l&rsquo;int\u00e9rieur un velcros pour l&rsquo;adapter \u00e0 toutes les t\u00eates.<\/p>\n<p>Le blouson peut \u00eatre lav\u00e9 \u00e0 la machine \u00e0 30\u00b0C. Le voile (rond ou anglais) n&rsquo;est lavable qu&rsquo;\u00e0 la main.<\/p>\n<p>Taille :\u00a0\u00a0\u00a0\u00a0\u00a0 S = 46\/48, M = 50\/52, L = 54\/56, XL = 58\/60, XXL = 62\/64<\/p>\n<p>Homologu\u00e9 selon le r\u00e9glement (EU)2016\/425 (EPI)<\/p>\n<p>Vous pouvez trouver les voiles d&rsquo;\u00e9change <strong><a href=\"https:\/\/www.bovie-imkerschutz.de\/produkt-kategorie\/ersatzhauben\/hauben-ventilation\/\" target=\"_blank\" rel=\"noopener noreferrer\">ici<\/a><\/strong>.<\/p>\n<p>&nbsp;<\/p>\n<p>D\u00e9claration de conformit\u00e9: <a href=\"https:\/\/www.bovie-imkerschutz.de\/wp-content\/uploads\/2023\/01\/Declaration-de-conformite-vetements-3D.pdf\">T\u00e9l\u00e9charger ici<\/a><\/p>\n<p>Fiche d&rsquo;information: <a href=\"https:\/\/www.bovie-imkerschutz.de\/wp-content\/uploads\/2023\/01\/Notice_dinformation_pour_vetement_fr_JR3D_O3D.pdf\" target=\"_blank\" rel=\"noopener noreferrer\"> T\u00e9l\u00e9charger ici<\/a><\/p>","protected":false},"excerpt":{"rendered":"<p>Voile \u00e0 commander s\u00e9par\u00e9ment: Ref. <a href=\"https:\/\/www.bovie-imkerschutz.de\/produkt\/ersatz-haube-s-5xl\/\">78 HSR<\/a> ou <a href=\"https:\/\/www.bovie-imkerschutz.de\/produkt\/ersatz-haube-englisch-s-5xl\/\">78 HA<\/a><\/p>\n","protected":false},"featured_media":973,"template":"","meta":[],"_links":{"self":[{"href":"https:\/\/www.bovie-imkerschutz.de\/fr\/wp-json\/wp\/v2\/product\/831"}],"collection":[{"href":"https:\/\/www.bovie-imkerschutz.de\/fr\/wp-json\/wp\/v2\/product"}],"about":[{"href":"https:\/\/www.bovie-imkerschutz.de\/fr\/wp-json\/wp\/v2\/types\/product"}],"wp:featuredmedia":[{"embeddable":true,"href":"https:\/\/www.bovie-imkerschutz.de\/fr\/wp-json\/wp\/v2\/media\/973"}],"wp:attachment":[{"href":"https:\/\/www.bovie-imkerschutz.de\/fr\/wp-json\/wp\/v2\/media?parent=831"}],"curies":[{"name":"wp","href":"https:\/\/api.w.org\/{rel}","templated":true}]}}