{"id":827,"date":"2022-07-14T09:53:24","date_gmt":"2022-07-14T07:53:24","guid":{"rendered":"https:\/\/www.bovie-imkerschutz.de\/?post_type=product&#038;p=827"},"modified":"2023-11-30T10:44:39","modified_gmt":"2023-11-30T09:44:39","slug":"overall-teilventiliert","status":"publish","type":"product","link":"https:\/\/www.bovie-imkerschutz.de\/fr\/produkt\/overall-teilventiliert\/","title":{"rendered":"Combinaison a\u00e9r\u00e9e"},"content":{"rendered":"<p><\/p>\n<h5>Combinaison a\u00e9r\u00e9e<\/h5>\n<p>La combinaison en coton a, en haut du dos, sous les bras, sur les c\u00f4t\u00e9s\u00a0 et entre les jambes des bandes d&rsquo;a\u00e9ration compos\u00e9es de 3 couches (2 tissus de grille fine et une grille plus \u00e9paisse mais souple entre les deux) garantissant une bonne circulation de l&rsquo;air.<\/p>\n<p>Elle a 1 poche \u00e0 rabat sur la poitrine et 2 poches lat\u00e9rales ainsi qu&rsquo;une poche arri\u00e8re avec fermeture \u00e9clair et 1 poche l\u00e8ve-cadre \u00e0 droite.<\/p>\n<p>La longue fermeture \u00e9clair de devant peut \u00eatre ouverte des deux cot\u00eas.<\/p>\n<p>Une manchette en bout de manche avec trou pour le pouce offre un confort agr\u00e9able et emp\u00eache, comme l&rsquo;\u00e9lastique du bas, aux abeilles de p\u00e9n\u00e9trer sous le v\u00eatement.<\/p>\n<p>La combinaison peut \u00eatre \u00e9quip\u00e9e au choix avec un voile rond <a href=\"https:\/\/www.bovie-imkerschutz.de\/produkt\/ersatz-haube-s-5xl\/\" target=\"_blank\" rel=\"noopener noreferrer\">78 HSR<\/a> ou anglais <a href=\"https:\/\/www.bovie-imkerschutz.de\/produkt\/ersatz-haube-englisch-s-5xl\/\" target=\"_blank\" rel=\"noopener noreferrer\">78 HA<\/a>.<\/p>\n<p>Le voile peut \u00eatre s\u00e9par\u00e9 du v\u00eatement gr\u00e2ce aux fermetures \u00e9clair soit en partie pour le rabattre vers l&rsquo;arri\u00e8re soit totalement. De plus il poss\u00e8de \u00e0 l&rsquo;int\u00e9rieur un velcros pour l&rsquo;adapter \u00e0 toutes les t\u00eates.<\/p>\n<p>La combinaison peut \u00eatre lav\u00e9e \u00e0 la machine \u00e0 40\u00b0C. Le voile (rond ou anglais) n&rsquo;est lavable qu&rsquo;\u00e0 la main.<\/p>\n<p>Taille :\u00a0\u00a0\u00a0\u00a0\u00a0 S = 46\/48, M = 50\/52, L = 54\/56, XL = 58\/60, XXL = 62\/64<\/p>\n<p>Vous pouvez trouver les voiles d&rsquo;\u00e9change <strong><a href=\"https:\/\/www.bovie-imkerschutz.de\/produkt-kategorie\/ersatzhauben\/hauben-ventilation\/\" target=\"_blank\" rel=\"noopener noreferrer\">ici<\/a><\/strong>.<\/p>\n<p>&nbsp;<\/p>\n<p>D\u00e9claration de conformit\u00e9: <a href=\"https:\/\/www.bovie-imkerschutz.de\/wp-content\/uploads\/2023\/01\/Declaration-de-conformite-combinaison-entierement-aere.pdf\">T\u00e9l\u00e9charger ici<\/a><\/p>\n<p>Fiche d&rsquo;information: <a href=\"https:\/\/www.bovie-imkerschutz.de\/wp-content\/uploads\/2023\/01\/Information-entierement-aere-F.pdf\" target=\"_blank\" rel=\"noopener noreferrer\"> T\u00e9l\u00e9charger ici<\/a><\/p>","protected":false},"excerpt":{"rendered":"<p>Voile \u00e0 commander s\u00e9par\u00e9ment: Ref. <a href=\"https:\/\/www.bovie-imkerschutz.de\/produkt\/ersatz-haube-s-5xl\/\">78 HSR<\/a> ou <a href=\"https:\/\/www.bovie-imkerschutz.de\/produkt\/ersatz-haube-englisch-s-5xl\/\">78 HA<\/a><\/p>\n","protected":false},"featured_media":990,"template":"","meta":[],"_links":{"self":[{"href":"https:\/\/www.bovie-imkerschutz.de\/fr\/wp-json\/wp\/v2\/product\/827"}],"collection":[{"href":"https:\/\/www.bovie-imkerschutz.de\/fr\/wp-json\/wp\/v2\/product"}],"about":[{"href":"https:\/\/www.bovie-imkerschutz.de\/fr\/wp-json\/wp\/v2\/types\/product"}],"wp:featuredmedia":[{"embeddable":true,"href":"https:\/\/www.bovie-imkerschutz.de\/fr\/wp-json\/wp\/v2\/media\/990"}],"wp:attachment":[{"href":"https:\/\/www.bovie-imkerschutz.de\/fr\/wp-json\/wp\/v2\/media?parent=827"}],"curies":[{"name":"wp","href":"https:\/\/api.w.org\/{rel}","templated":true}]}}