{"id":535,"date":"2018-10-12T15:02:51","date_gmt":"2018-10-12T13:02:51","guid":{"rendered":"http:\/\/www.bovie-imkerschutz.de\/?post_type=product&#038;p=535"},"modified":"2023-01-30T10:18:07","modified_gmt":"2023-01-30T09:18:07","slug":"ersatz-haube-englisch-164-xxs-xs","status":"publish","type":"product","link":"https:\/\/www.bovie-imkerschutz.de\/fr\/produkt\/ersatz-haube-englisch-164-xxs-xs\/","title":{"rendered":"Voile avec chapeau anglais d&rsquo;\u00e9change 164\/XXS\/XS"},"content":{"rendered":"<p><\/p>\n<h5><strong>Voile avec chapeau anglais d&rsquo;\u00e9change 164\/XXS\/XS<\/strong><\/h5>\n<p>et fermeture \u00e9clair, pour \u00e9change<br \/>\ntaille 164, XXS et XS<br \/>\nLavage \u00e0 la main seulement.<\/p>\n<p>D\u00e9claration de conformit\u00e9: <a href=\"https:\/\/www.bovie-imkerschutz.de\/wp-content\/uploads\/2023\/01\/Declaration_conformite_Vetements_blanc_Voiles.pdf\">T\u00e9l\u00e9charger ici<\/a><\/p>\n<p>Fiche d&rsquo;information: <a href=\"https:\/\/www.bovie-imkerschutz.de\/wp-content\/uploads\/2023\/01\/Information-voile-F.pdf\" target=\"_blank\" rel=\"noopener noreferrer\"> T\u00e9l\u00e9charger ici (78 HSR) <\/a><\/p>","protected":false},"excerpt":{"rendered":"<p>Voile avec chapeau anglais d&rsquo;\u00e9change 164\/XXS\/XS et fermeture \u00e9clair, pour \u00e9change taille 164, XXS et XS Lavage \u00e0 la main seulement. D\u00e9claration de conformit\u00e9: T\u00e9l\u00e9charger ici Fiche d&rsquo;information: T\u00e9l\u00e9charger ici (78 HSR)<\/p>\n","protected":false},"featured_media":440,"template":"","meta":[],"_links":{"self":[{"href":"https:\/\/www.bovie-imkerschutz.de\/fr\/wp-json\/wp\/v2\/product\/535"}],"collection":[{"href":"https:\/\/www.bovie-imkerschutz.de\/fr\/wp-json\/wp\/v2\/product"}],"about":[{"href":"https:\/\/www.bovie-imkerschutz.de\/fr\/wp-json\/wp\/v2\/types\/product"}],"wp:featuredmedia":[{"embeddable":true,"href":"https:\/\/www.bovie-imkerschutz.de\/fr\/wp-json\/wp\/v2\/media\/440"}],"wp:attachment":[{"href":"https:\/\/www.bovie-imkerschutz.de\/fr\/wp-json\/wp\/v2\/media?parent=535"}],"curies":[{"name":"wp","href":"https:\/\/api.w.org\/{rel}","templated":true}]}}