{"id":313,"date":"2018-03-16T21:46:48","date_gmt":"2018-03-16T20:46:48","guid":{"rendered":"http:\/\/www.bovie-imkerschutz.de\/?post_type=product&#038;p=313"},"modified":"2023-02-02T08:01:51","modified_gmt":"2023-02-02T07:01:51","slug":"jacke-ventilation-mit-abnehmbarer-runder-haube","status":"publish","type":"product","link":"https:\/\/www.bovie-imkerschutz.de\/fr\/produkt\/jacke-ventilation-mit-abnehmbarer-runder-haube\/","title":{"rendered":"Blouson \u201ea\u00e9r\u00e9\u201c avec voile rond amovible"},"content":{"rendered":"<p><\/p>\n<h5><strong>Blouson \u201ea\u00e9r\u00e9\u201c avec voile rond amovible<\/strong><\/h5>\n<p>Blouson en coton comportant un filet (en mousse form\u00e9 de trois couches parfaitement perm\u00e9able \u00e0 l\u2019air mais \u00e9vitant les piq\u00fbres)<br \/>\ncousu aux bras et sur les c\u00f4t\u00e9s du blouson.<br \/>\nCe design permet d\u2019avoir un blouson garantissant une bonne circulation de l\u2019air<br \/>\navec peu de surcharge de poids pour un confort tr\u00e8s appr\u00e9ciable.<\/p>\n<p>Vous pouvez trouver les voiles d&rsquo;\u00e9change <a href=\"https:\/\/www.bovie-imkerschutz.de\/ersatzhauben\/\">ici<\/a>.<\/p>\n<p>Tailles disponibles: <a href=\"https:\/\/www.bovie-imkerschutz.de\/wp-content\/uploads\/2023\/02\/sizes_vetements.pdf\" target=\"_blank\" rel=\"noopener noreferrer\"> T\u00e9l\u00e9charger ici <\/a><\/p>\n<p>Fiche d&rsquo;information: <a href=\"https:\/\/www.bovie-imkerschutz.de\/wp-content\/uploads\/broschueren\/jacke_ventilation\/D-F-E.pdf\" target=\"_blank\" rel=\"noopener noreferrer\"> T\u00e9l\u00e9charger ici <\/a><\/p>","protected":false},"excerpt":{"rendered":"<p>Blouson \u201ea\u00e9r\u00e9\u201c avec voile rond amovible Blouson en coton comportant un filet (en mousse form\u00e9 de trois couches parfaitement perm\u00e9able \u00e0 l\u2019air mais \u00e9vitant les piq\u00fbres) cousu aux bras et sur les c\u00f4t\u00e9s du blouson. Ce design permet d\u2019avoir un blouson garantissant une bonne circulation de l\u2019air avec peu de [&hellip;]<\/p>\n","protected":false},"featured_media":510,"template":"","meta":[],"_links":{"self":[{"href":"https:\/\/www.bovie-imkerschutz.de\/fr\/wp-json\/wp\/v2\/product\/313"}],"collection":[{"href":"https:\/\/www.bovie-imkerschutz.de\/fr\/wp-json\/wp\/v2\/product"}],"about":[{"href":"https:\/\/www.bovie-imkerschutz.de\/fr\/wp-json\/wp\/v2\/types\/product"}],"wp:featuredmedia":[{"embeddable":true,"href":"https:\/\/www.bovie-imkerschutz.de\/fr\/wp-json\/wp\/v2\/media\/510"}],"wp:attachment":[{"href":"https:\/\/www.bovie-imkerschutz.de\/fr\/wp-json\/wp\/v2\/media?parent=313"}],"curies":[{"name":"wp","href":"https:\/\/api.w.org\/{rel}","templated":true}]}}