{"id":311,"date":"2018-03-16T21:35:20","date_gmt":"2018-03-16T20:35:20","guid":{"rendered":"http:\/\/www.bovie-imkerschutz.de\/?post_type=product&#038;p=311"},"modified":"2023-11-30T10:56:17","modified_gmt":"2023-11-30T09:56:17","slug":"overall-mit-abnehmbarer-haube-englisch","status":"publish","type":"product","link":"https:\/\/www.bovie-imkerschutz.de\/fr\/produkt\/overall-mit-abnehmbarer-haube-englisch\/","title":{"rendered":"Combinaison avoc voile anglais amovible"},"content":{"rendered":"<p><\/p>\n<h5><strong>Combinaison avoc voile anglais amovible<\/strong><\/h5>\n<p>par fermeture \u00e9clair, en coton env.220g\/qm manches avec poignetsen tricot; fermeture des jambes avec \u00e9lastique et fermeture \u00e9clair;1 poche de poitrine et 2 de c\u00f4t\u00e9; fermeture \u00e9claire longue\u00e9lastique au niveau de la taille.La taille de la chapeau peut \u00eatre r\u00e9gl\u00e9e par fermeture Velcro.Les combinaisons sont pr\u00e9lav\u00e9s et lavables jusq&rsquo;\u00e0 60\u00b0 C. Chapeaux doivent \u00eatre lav\u00e9es \u00e0 la main.<\/p>\n<p>Vous pouvez trouver les voiles d&rsquo;\u00e9change <a href=\"https:\/\/www.bovie-imkerschutz.de\/ersatzhauben\/\">ici<\/a>.<\/p>\n<p>Tailles disponibles: <a href=\"https:\/\/www.bovie-imkerschutz.de\/wp-content\/uploads\/groessen\/groessen_bekleidung.pdf\" target=\"_blank\" rel=\"noopener noreferrer\"> T\u00e9l\u00e9charger ici <\/a><\/p>\n<p>D\u00e9claration de conformit\u00e9: <a href=\"https:\/\/www.bovie-imkerschutz.de\/wp-content\/uploads\/2023\/01\/Declaration_conformite_Vetements_blanc_Voiles.pdf\">T\u00e9l\u00e9charger ici<\/a><\/p>\n<p>Fiche d&rsquo;information: <a href=\"https:\/\/www.bovie-imkerschutz.de\/wp-content\/uploads\/2023\/01\/Information-vetements-blanc-F.pdf\" target=\"_blank\" rel=\"noopener noreferrer\"> T\u00e9l\u00e9charger ici <\/a><\/p>","protected":false},"excerpt":{"rendered":"<p>Combinaison avoc voile anglais amovible par fermeture \u00e9clair, en coton env.220g\/qm manches avec poignetsen tricot; fermeture des jambes avec \u00e9lastique et fermeture \u00e9clair;1 poche de poitrine et 2 de c\u00f4t\u00e9; fermeture \u00e9claire longue\u00e9lastique au niveau de la taille.La taille de la chapeau peut \u00eatre r\u00e9gl\u00e9e par fermeture Velcro.Les combinaisons sont [&hellip;]<\/p>\n","protected":false},"featured_media":431,"template":"","meta":[],"_links":{"self":[{"href":"https:\/\/www.bovie-imkerschutz.de\/fr\/wp-json\/wp\/v2\/product\/311"}],"collection":[{"href":"https:\/\/www.bovie-imkerschutz.de\/fr\/wp-json\/wp\/v2\/product"}],"about":[{"href":"https:\/\/www.bovie-imkerschutz.de\/fr\/wp-json\/wp\/v2\/types\/product"}],"wp:featuredmedia":[{"embeddable":true,"href":"https:\/\/www.bovie-imkerschutz.de\/fr\/wp-json\/wp\/v2\/media\/431"}],"wp:attachment":[{"href":"https:\/\/www.bovie-imkerschutz.de\/fr\/wp-json\/wp\/v2\/media?parent=311"}],"curies":[{"name":"wp","href":"https:\/\/api.w.org\/{rel}","templated":true}]}}