{"id":308,"date":"2018-03-16T21:30:15","date_gmt":"2018-03-16T20:30:15","guid":{"rendered":"http:\/\/www.bovie-imkerschutz.de\/?post_type=product&#038;p=308"},"modified":"2023-11-30T10:56:09","modified_gmt":"2023-11-30T09:56:09","slug":"blouson-mit-abnehmbarer-haube-englisch","status":"publish","type":"product","link":"https:\/\/www.bovie-imkerschutz.de\/fr\/produkt\/blouson-mit-abnehmbarer-haube-englisch\/","title":{"rendered":"Vareuse avec voile anglais amovible"},"content":{"rendered":"<p><\/p>\n<h5><strong>Vareuse avec voile anglais amovible<\/strong><\/h5>\n<p>par fermeture \u00e9clair, en coton env.220g\/qm manches avec poignets en tricot, fermeture inf\u00e9rieure avec \u00e9lastique; 1 poche de poitrine et 2 de c\u00f4t\u00e9.La taille de la chapeau peut \u00eatre r\u00e9gl\u00e9e par fermetureVelcro.Les vareuses sont pr\u00e9lav\u00e9s et lavables jusqu&rsquo;\u00e0 60\u00b0 C.Chapeaux doivent \u00eatre lav\u00e9es \u00e0 la main.<\/p>\n<p>Vous pouvez trouver les voiles d&rsquo;\u00e9change <a href=\"https:\/\/www.bovie-imkerschutz.de\/ersatzhauben\/\">ici<\/a>.<\/p>\n<p>Tailles disponibles: <a href=\"https:\/\/www.bovie-imkerschutz.de\/wp-content\/uploads\/2023\/02\/sizes_vetements.pdf\" target=\"_blank\" rel=\"noopener noreferrer\"> T\u00e9l\u00e9charger ici <\/a><\/p>\n<p>D\u00e9claration de conformit\u00e9: <a href=\"https:\/\/www.bovie-imkerschutz.de\/wp-content\/uploads\/2023\/01\/Declaration_conformite_Vetements_blanc_Voiles.pdf\">T\u00e9l\u00e9charger ici<\/a><\/p>\n<p>Fiche d&rsquo;information: <a href=\"https:\/\/www.bovie-imkerschutz.de\/wp-content\/uploads\/2023\/01\/Information-vetements-blanc-F.pdf\" target=\"_blank\" rel=\"noopener noreferrer\"> T\u00e9l\u00e9charger ici <\/a><\/p>","protected":false},"excerpt":{"rendered":"<p>Vareuse avec voile anglais amovible par fermeture \u00e9clair, en coton env.220g\/qm manches avec poignets en tricot, fermeture inf\u00e9rieure avec \u00e9lastique; 1 poche de poitrine et 2 de c\u00f4t\u00e9.La taille de la chapeau peut \u00eatre r\u00e9gl\u00e9e par fermetureVelcro.Les vareuses sont pr\u00e9lav\u00e9s et lavables jusqu&rsquo;\u00e0 60\u00b0 C.Chapeaux doivent \u00eatre lav\u00e9es \u00e0 la [&hellip;]<\/p>\n","protected":false},"featured_media":983,"template":"","meta":[],"_links":{"self":[{"href":"https:\/\/www.bovie-imkerschutz.de\/fr\/wp-json\/wp\/v2\/product\/308"}],"collection":[{"href":"https:\/\/www.bovie-imkerschutz.de\/fr\/wp-json\/wp\/v2\/product"}],"about":[{"href":"https:\/\/www.bovie-imkerschutz.de\/fr\/wp-json\/wp\/v2\/types\/product"}],"wp:featuredmedia":[{"embeddable":true,"href":"https:\/\/www.bovie-imkerschutz.de\/fr\/wp-json\/wp\/v2\/media\/983"}],"wp:attachment":[{"href":"https:\/\/www.bovie-imkerschutz.de\/fr\/wp-json\/wp\/v2\/media?parent=308"}],"curies":[{"name":"wp","href":"https:\/\/api.w.org\/{rel}","templated":true}]}}