{"id":305,"date":"2018-03-16T21:16:47","date_gmt":"2018-03-16T20:16:47","guid":{"rendered":"http:\/\/www.bovie-imkerschutz.de\/?post_type=product&#038;p=305"},"modified":"2023-01-30T10:23:28","modified_gmt":"2023-01-30T09:23:28","slug":"imker-haube-hermetik","status":"publish","type":"product","link":"https:\/\/www.bovie-imkerschutz.de\/fr\/produkt\/imker-haube-hermetik\/","title":{"rendered":"Voile rond avec chapeau"},"content":{"rendered":"<p><\/p>\n<h5><strong>Voile rond avec chapeau<\/strong><\/h5>\n<p>\u00ab\u00a0herm\u00e9tique\u00a0\u00bb taille universelle, ajustable avec<br \/>\nfermeture Velcro.<br \/>\nLavage \u00e0 la main seulement.<\/p>\n<p>D\u00e9claration de conformit\u00e9: <a href=\"https:\/\/www.bovie-imkerschutz.de\/wp-content\/uploads\/2023\/01\/Declaration_conformite_Vetements_blanc_Voiles.pdf\">T\u00e9l\u00e9charger ici<\/a><\/p>\n<p>Fiche d&rsquo;information: <a href=\"https:\/\/www.bovie-imkerschutz.de\/wp-content\/uploads\/2023\/01\/Information-voile-F.pdf\" target=\"_blank\" rel=\"noopener noreferrer\"> T\u00e9l\u00e9charger ici <\/a><\/p>","protected":false},"excerpt":{"rendered":"<p>Voile rond avec chapeau \u00ab\u00a0herm\u00e9tique\u00a0\u00bb taille universelle, ajustable avec fermeture Velcro. Lavage \u00e0 la main seulement. D\u00e9claration de conformit\u00e9: T\u00e9l\u00e9charger ici Fiche d&rsquo;information: T\u00e9l\u00e9charger ici<\/p>\n","protected":false},"featured_media":444,"template":"","meta":[],"_links":{"self":[{"href":"https:\/\/www.bovie-imkerschutz.de\/fr\/wp-json\/wp\/v2\/product\/305"}],"collection":[{"href":"https:\/\/www.bovie-imkerschutz.de\/fr\/wp-json\/wp\/v2\/product"}],"about":[{"href":"https:\/\/www.bovie-imkerschutz.de\/fr\/wp-json\/wp\/v2\/types\/product"}],"wp:featuredmedia":[{"embeddable":true,"href":"https:\/\/www.bovie-imkerschutz.de\/fr\/wp-json\/wp\/v2\/media\/444"}],"wp:attachment":[{"href":"https:\/\/www.bovie-imkerschutz.de\/fr\/wp-json\/wp\/v2\/media?parent=305"}],"curies":[{"name":"wp","href":"https:\/\/api.w.org\/{rel}","templated":true}]}}