{"id":304,"date":"2018-03-16T21:15:00","date_gmt":"2018-03-16T20:15:00","guid":{"rendered":"http:\/\/www.bovie-imkerschutz.de\/?post_type=product&#038;p=304"},"modified":"2023-11-30T10:52:08","modified_gmt":"2023-11-30T09:52:08","slug":"hsr-ersatz-haube-128-152","status":"publish","type":"product","link":"https:\/\/www.bovie-imkerschutz.de\/fr\/produkt\/hsr-ersatz-haube-128-152\/","title":{"rendered":"Voile rond avec chapeau 128\/152"},"content":{"rendered":"<p><\/p>\n<h5><strong>Voile rond avec chapeau 128\/152<\/strong><\/h5>\n<p>et fermeture \u00e9clair, pour \u00e9change<br \/>\ntaille 128 et 152<br \/>\nLavage \u00e0 la main seulement.<\/p>\n<p>D\u00e9claration de conformit\u00e9: <a href=\"https:\/\/www.bovie-imkerschutz.de\/wp-content\/uploads\/2023\/01\/Declaration_conformite_Vetements_blanc_Voiles.pdf\">T\u00e9l\u00e9charger ici<\/a><\/p>\n<p>Fiche d&rsquo;information: <a href=\"https:\/\/www.bovie-imkerschutz.de\/wp-content\/uploads\/2023\/01\/Information-voile-F.pdf\" target=\"_blank\" rel=\"noopener noreferrer\"> T\u00e9l\u00e9charger ici (78 HSR) <\/a><\/p>","protected":false},"excerpt":{"rendered":"<p>Voile rond avec chapeau 128\/152 et fermeture \u00e9clair, pour \u00e9change taille 128 et 152 Lavage \u00e0 la main seulement. D\u00e9claration de conformit\u00e9: T\u00e9l\u00e9charger ici Fiche d&rsquo;information: T\u00e9l\u00e9charger ici (78 HSR)<\/p>\n","protected":false},"featured_media":996,"template":"","meta":[],"_links":{"self":[{"href":"https:\/\/www.bovie-imkerschutz.de\/fr\/wp-json\/wp\/v2\/product\/304"}],"collection":[{"href":"https:\/\/www.bovie-imkerschutz.de\/fr\/wp-json\/wp\/v2\/product"}],"about":[{"href":"https:\/\/www.bovie-imkerschutz.de\/fr\/wp-json\/wp\/v2\/types\/product"}],"wp:featuredmedia":[{"embeddable":true,"href":"https:\/\/www.bovie-imkerschutz.de\/fr\/wp-json\/wp\/v2\/media\/996"}],"wp:attachment":[{"href":"https:\/\/www.bovie-imkerschutz.de\/fr\/wp-json\/wp\/v2\/media?parent=304"}],"curies":[{"name":"wp","href":"https:\/\/api.w.org\/{rel}","templated":true}]}}