{"id":217,"date":"2018-03-15T20:14:20","date_gmt":"2018-03-15T19:14:20","guid":{"rendered":"http:\/\/www.bovie-imkerschutz.de\/?post_type=product&#038;p=217"},"modified":"2023-01-30T10:26:43","modified_gmt":"2023-01-30T09:26:43","slug":"imker-hut-mit-schleier-herunterklappbar","status":"publish","type":"product","link":"https:\/\/www.bovie-imkerschutz.de\/fr\/produkt\/imker-hut-mit-schleier-herunterklappbar\/","title":{"rendered":"Chapeau avec voile rabattable"},"content":{"rendered":"<p><\/p>\n<h5><strong>Chapeau avec voile rabattable<\/strong><\/h5>\n<p>avec \u00e9lastique et cordelette. 2 anneaux ganrantis-<br \/>\nsent le confort au porter. Le chapeau en double<br \/>\ntissu, est ajustable avec fermeture Velcro. Le voile<br \/>\nest rabattable devant le visage. Lavage \u00e0 la main<br \/>\nseulement.<\/p>\n<p>D\u00e9claration de conformit\u00e9: <a href=\"https:\/\/www.bovie-imkerschutz.de\/wp-content\/uploads\/2023\/01\/Declaration_conformite_Vetements_blanc_Voiles.pdf\">T\u00e9l\u00e9charger ici<\/a><\/p>\n<p>Fiche d&rsquo;information: <a href=\"https:\/\/www.bovie-imkerschutz.de\/wp-content\/uploads\/2023\/01\/Information-voile-F.pdf\" target=\"_blank\" rel=\"noopener noreferrer\"> T\u00e9l\u00e9charger ici <\/a><\/p>","protected":false},"excerpt":{"rendered":"<p>Chapeau avec voile rabattable avec \u00e9lastique et cordelette. 2 anneaux ganrantis- sent le confort au porter. Le chapeau en double tissu, est ajustable avec fermeture Velcro. Le voile est rabattable devant le visage. Lavage \u00e0 la main seulement. D\u00e9claration de conformit\u00e9: T\u00e9l\u00e9charger ici Fiche d&rsquo;information: T\u00e9l\u00e9charger ici<\/p>\n","protected":false},"featured_media":508,"template":"","meta":[],"_links":{"self":[{"href":"https:\/\/www.bovie-imkerschutz.de\/fr\/wp-json\/wp\/v2\/product\/217"}],"collection":[{"href":"https:\/\/www.bovie-imkerschutz.de\/fr\/wp-json\/wp\/v2\/product"}],"about":[{"href":"https:\/\/www.bovie-imkerschutz.de\/fr\/wp-json\/wp\/v2\/types\/product"}],"wp:featuredmedia":[{"embeddable":true,"href":"https:\/\/www.bovie-imkerschutz.de\/fr\/wp-json\/wp\/v2\/media\/508"}],"wp:attachment":[{"href":"https:\/\/www.bovie-imkerschutz.de\/fr\/wp-json\/wp\/v2\/media?parent=217"}],"curies":[{"name":"wp","href":"https:\/\/api.w.org\/{rel}","templated":true}]}}