{"id":215,"date":"2018-03-15T20:09:52","date_gmt":"2018-03-15T19:09:52","guid":{"rendered":"http:\/\/www.bovie-imkerschutz.de\/?post_type=product&#038;p=215"},"modified":"2023-01-30T10:27:55","modified_gmt":"2023-01-30T09:27:55","slug":"netz-weste-mit-imker-haube","status":"publish","type":"product","link":"https:\/\/www.bovie-imkerschutz.de\/fr\/produkt\/netz-weste-mit-imker-haube\/","title":{"rendered":"Vareuse avec chapeau tout en tissu de voile"},"content":{"rendered":"<p><\/p>\n<h5><strong>Vareuse avec chapeau tout en tissu de voile<\/strong><\/h5>\n<p>Tr\u00e8s a\u00e9r\u00e9e, avec voile et chapeau cousus. 2 an-<br \/>\nneaux garantissent le confort au porter. Le chapeau<br \/>\nest ajustable avec fermeture Velcro. Lavage \u00e0 la<br \/>\nmain seulement.<\/p>\n<p>D\u00e9claration de conformit\u00e9: <a href=\"https:\/\/www.bovie-imkerschutz.de\/wp-content\/uploads\/2023\/01\/Declaration_conformite_Vetements_blanc_Voiles.pdf\">T\u00e9l\u00e9charger ici<\/a><\/p>\n<p>Fiche d&rsquo;information: <a href=\"https:\/\/www.bovie-imkerschutz.de\/wp-content\/uploads\/2023\/01\/Information-voile-F.pdf\" target=\"_blank\" rel=\"noopener noreferrer\"> T\u00e9l\u00e9charger ici <\/a><\/p>","protected":false},"excerpt":{"rendered":"<p>Vareuse avec chapeau tout en tissu de voile Tr\u00e8s a\u00e9r\u00e9e, avec voile et chapeau cousus. 2 an- neaux garantissent le confort au porter. Le chapeau est ajustable avec fermeture Velcro. Lavage \u00e0 la main seulement. D\u00e9claration de conformit\u00e9: T\u00e9l\u00e9charger ici Fiche d&rsquo;information: T\u00e9l\u00e9charger ici<\/p>\n","protected":false},"featured_media":514,"template":"","meta":[],"_links":{"self":[{"href":"https:\/\/www.bovie-imkerschutz.de\/fr\/wp-json\/wp\/v2\/product\/215"}],"collection":[{"href":"https:\/\/www.bovie-imkerschutz.de\/fr\/wp-json\/wp\/v2\/product"}],"about":[{"href":"https:\/\/www.bovie-imkerschutz.de\/fr\/wp-json\/wp\/v2\/types\/product"}],"wp:featuredmedia":[{"embeddable":true,"href":"https:\/\/www.bovie-imkerschutz.de\/fr\/wp-json\/wp\/v2\/media\/514"}],"wp:attachment":[{"href":"https:\/\/www.bovie-imkerschutz.de\/fr\/wp-json\/wp\/v2\/media?parent=215"}],"curies":[{"name":"wp","href":"https:\/\/api.w.org\/{rel}","templated":true}]}}