{"id":214,"date":"2018-03-15T20:07:51","date_gmt":"2018-03-15T19:07:51","guid":{"rendered":"http:\/\/www.bovie-imkerschutz.de\/?post_type=product&#038;p=214"},"modified":"2023-01-30T10:28:14","modified_gmt":"2023-01-30T09:28:14","slug":"ami-schleier-mit-hut","status":"publish","type":"product","link":"https:\/\/www.bovie-imkerschutz.de\/fr\/produkt\/ami-schleier-mit-hut\/","title":{"rendered":"Voile carr\u00e9 avec chapeau"},"content":{"rendered":"<p><\/p>\n<h5><strong>Voile carr\u00e9 avec chapeau<\/strong><\/h5>\n<p>avec ruban \u00e9lastique et cordon, taille universelle,<br \/>\najustable avec fermeture Velcro.<br \/>\nLavage \u00e0 la main seulement.<\/p>\n<p>D\u00e9claration de conformit\u00e9: <a href=\"https:\/\/www.bovie-imkerschutz.de\/wp-content\/uploads\/2023\/01\/Declaration_conformite_Vetements_blanc_Voiles.pdf\">T\u00e9l\u00e9charger ici<\/a><\/p>\n<p>Fiche d&rsquo;information: <a href=\"https:\/\/www.bovie-imkerschutz.de\/wp-content\/uploads\/2023\/01\/Information-voile-F.pdf\" target=\"_blank\" rel=\"noopener noreferrer\"> T\u00e9l\u00e9charger ici <\/a><\/p>","protected":false},"excerpt":{"rendered":"<p>Voile carr\u00e9 avec chapeau avec ruban \u00e9lastique et cordon, taille universelle, ajustable avec fermeture Velcro. Lavage \u00e0 la main seulement. D\u00e9claration de conformit\u00e9: T\u00e9l\u00e9charger ici Fiche d&rsquo;information: T\u00e9l\u00e9charger ici<\/p>\n","protected":false},"featured_media":435,"template":"","meta":[],"_links":{"self":[{"href":"https:\/\/www.bovie-imkerschutz.de\/fr\/wp-json\/wp\/v2\/product\/214"}],"collection":[{"href":"https:\/\/www.bovie-imkerschutz.de\/fr\/wp-json\/wp\/v2\/product"}],"about":[{"href":"https:\/\/www.bovie-imkerschutz.de\/fr\/wp-json\/wp\/v2\/types\/product"}],"wp:featuredmedia":[{"embeddable":true,"href":"https:\/\/www.bovie-imkerschutz.de\/fr\/wp-json\/wp\/v2\/media\/435"}],"wp:attachment":[{"href":"https:\/\/www.bovie-imkerschutz.de\/fr\/wp-json\/wp\/v2\/media?parent=214"}],"curies":[{"name":"wp","href":"https:\/\/api.w.org\/{rel}","templated":true}]}}