{"id":198,"date":"2018-03-15T18:41:22","date_gmt":"2018-03-15T17:41:22","guid":{"rendered":"http:\/\/www.bovie-imkerschutz.de\/?post_type=product&#038;p=198"},"modified":"2023-01-25T23:05:26","modified_gmt":"2023-01-25T22:05:26","slug":"vollsichtbrille","status":"publish","type":"product","link":"https:\/\/www.bovie-imkerschutz.de\/fr\/produkt\/vollsichtbrille\/","title":{"rendered":"Lunettes"},"content":{"rendered":"<p><\/p>\n<h5><strong>Lunettes<\/strong><\/h5>\n<p>conformes \u00e0 la EN 116 avec a\u00e9ration directe et<br \/>\nantibu\u00e9es.<\/p>","protected":false},"excerpt":{"rendered":"<p>Lunettes conformes \u00e0 la EN 116 avec a\u00e9ration directe et antibu\u00e9es.<\/p>\n","protected":false},"featured_media":461,"template":"","meta":[],"_links":{"self":[{"href":"https:\/\/www.bovie-imkerschutz.de\/fr\/wp-json\/wp\/v2\/product\/198"}],"collection":[{"href":"https:\/\/www.bovie-imkerschutz.de\/fr\/wp-json\/wp\/v2\/product"}],"about":[{"href":"https:\/\/www.bovie-imkerschutz.de\/fr\/wp-json\/wp\/v2\/types\/product"}],"wp:featuredmedia":[{"embeddable":true,"href":"https:\/\/www.bovie-imkerschutz.de\/fr\/wp-json\/wp\/v2\/media\/461"}],"wp:attachment":[{"href":"https:\/\/www.bovie-imkerschutz.de\/fr\/wp-json\/wp\/v2\/media?parent=198"}],"curies":[{"name":"wp","href":"https:\/\/api.w.org\/{rel}","templated":true}]}}