{"id":191,"date":"2018-03-15T13:41:06","date_gmt":"2018-03-15T12:41:06","guid":{"rendered":"http:\/\/www.bovie-imkerschutz.de\/?post_type=product&#038;p=191"},"modified":"2023-01-30T10:37:05","modified_gmt":"2023-01-30T09:37:05","slug":"handschuhe-rindleder-beige","status":"publish","type":"product","link":"https:\/\/www.bovie-imkerschutz.de\/fr\/produkt\/handschuhe-rindleder-beige\/","title":{"rendered":"Gants cuir vache beige"},"content":{"rendered":"<p><\/p>\n<h5><strong>Gants cuir vache beige<\/strong><\/h5>\n<p>Avec manchette en coton (\u00e9cru) et bande de tricot.<br \/>\nLonguer totale env. 45 cm.<\/p>\n<p>Tailles disponibles: <a href=\"https:\/\/www.bovie-imkerschutz.de\/wp-content\/uploads\/groessen\/groessen_handschuhe.pdf\" target=\"_blank\" rel=\"noopener noreferrer\">T\u00e9l\u00e9charger ici<\/a><\/p>\n<p>D\u00e9claration de conformit\u00e9: <a href=\"https:\/\/www.bovie-imkerschutz.de\/wp-content\/uploads\/2023\/01\/Declaration_de_conformite_art_7000IM_7200GIM_7500IM.pdf\">T\u00e9l\u00e9charger ici<\/a><\/p>\n<p>Fiche d&rsquo;information: <a href=\"https:\/\/www.bovie-imkerschutz.de\/wp-content\/uploads\/2023\/01\/Information-Art.-7200GIM.pdf\" target=\"_blank\" rel=\"noopener noreferrer\"> T\u00e9l\u00e9charger ici <\/a><\/p>","protected":false},"excerpt":{"rendered":"<p>Gants cuir vache beige Avec manchette en coton (\u00e9cru) et bande de tricot. Longuer totale env. 45 cm. Tailles disponibles: T\u00e9l\u00e9charger ici D\u00e9claration de conformit\u00e9: T\u00e9l\u00e9charger ici Fiche d&rsquo;information: T\u00e9l\u00e9charger ici<\/p>\n","protected":false},"featured_media":448,"template":"","meta":[],"_links":{"self":[{"href":"https:\/\/www.bovie-imkerschutz.de\/fr\/wp-json\/wp\/v2\/product\/191"}],"collection":[{"href":"https:\/\/www.bovie-imkerschutz.de\/fr\/wp-json\/wp\/v2\/product"}],"about":[{"href":"https:\/\/www.bovie-imkerschutz.de\/fr\/wp-json\/wp\/v2\/types\/product"}],"wp:featuredmedia":[{"embeddable":true,"href":"https:\/\/www.bovie-imkerschutz.de\/fr\/wp-json\/wp\/v2\/media\/448"}],"wp:attachment":[{"href":"https:\/\/www.bovie-imkerschutz.de\/fr\/wp-json\/wp\/v2\/media?parent=191"}],"curies":[{"name":"wp","href":"https:\/\/api.w.org\/{rel}","templated":true}]}}