{"id":189,"date":"2018-03-15T13:33:50","date_gmt":"2018-03-15T12:33:50","guid":{"rendered":"http:\/\/www.bovie-imkerschutz.de\/?post_type=product&#038;p=189"},"modified":"2023-02-02T08:05:07","modified_gmt":"2023-02-02T07:05:07","slug":"imker-hose","status":"publish","type":"product","link":"https:\/\/www.bovie-imkerschutz.de\/fr\/produkt\/imker-hose\/","title":{"rendered":"Pantalon"},"content":{"rendered":"<p><\/p>\n<h5><strong>Pantalon<\/strong><\/h5>\n<p>en coton env. 220g\/qm, avec ceinture \u00e9lastique et fermeture<br \/>\n\u00e9clair, fermeture des jambes avec \u00e9lastique et fermeture<br \/>\n\u00e9clair, 2 poches et 2 poches lat\u00e9rales.<br \/>\nLes pantalons sont pr\u00e9lav\u00e9s et lavables jusq&rsquo;\u00e0 60\u00b0 C.<\/p>\n<p>Tailles disponibles: <a href=\"https:\/\/www.bovie-imkerschutz.de\/wp-content\/uploads\/2023\/02\/sizes_vetements.pdf\" target=\"_blank\" rel=\"noopener noreferrer\"> T\u00e9l\u00e9charger ici <\/a><\/p>\n<p>D\u00e9claration de conformit\u00e9: <a href=\"https:\/\/www.bovie-imkerschutz.de\/wp-content\/uploads\/2023\/01\/Declaration_conformite_Vetements_blanc_Voiles.pdf\">T\u00e9l\u00e9charger ici<\/a><\/p>\n<p>Fiche d&rsquo;information: <a href=\"https:\/\/www.bovie-imkerschutz.de\/wp-content\/uploads\/2023\/01\/Information-vetements-blanc-F.pdf\" target=\"_blank\" rel=\"noopener noreferrer\"> T\u00e9l\u00e9charger ici <\/a><\/p>","protected":false},"excerpt":{"rendered":"<p>Pantalon en coton env. 220g\/qm, avec ceinture \u00e9lastique et fermeture \u00e9clair, fermeture des jambes avec \u00e9lastique et fermeture \u00e9clair, 2 poches et 2 poches lat\u00e9rales. Les pantalons sont pr\u00e9lav\u00e9s et lavables jusq&rsquo;\u00e0 60\u00b0 C. Tailles disponibles: T\u00e9l\u00e9charger ici D\u00e9claration de conformit\u00e9: T\u00e9l\u00e9charger ici Fiche d&rsquo;information: T\u00e9l\u00e9charger ici<\/p>\n","protected":false},"featured_media":436,"template":"","meta":[],"_links":{"self":[{"href":"https:\/\/www.bovie-imkerschutz.de\/fr\/wp-json\/wp\/v2\/product\/189"}],"collection":[{"href":"https:\/\/www.bovie-imkerschutz.de\/fr\/wp-json\/wp\/v2\/product"}],"about":[{"href":"https:\/\/www.bovie-imkerschutz.de\/fr\/wp-json\/wp\/v2\/types\/product"}],"wp:featuredmedia":[{"embeddable":true,"href":"https:\/\/www.bovie-imkerschutz.de\/fr\/wp-json\/wp\/v2\/media\/436"}],"wp:attachment":[{"href":"https:\/\/www.bovie-imkerschutz.de\/fr\/wp-json\/wp\/v2\/media?parent=189"}],"curies":[{"name":"wp","href":"https:\/\/api.w.org\/{rel}","templated":true}]}}