{"id":188,"date":"2018-03-15T13:31:05","date_gmt":"2018-03-15T12:31:05","guid":{"rendered":"http:\/\/www.bovie-imkerschutz.de\/?post_type=product&#038;p=188"},"modified":"2023-02-02T08:05:31","modified_gmt":"2023-02-02T07:05:31","slug":"overall-mit-wulstkragen","status":"publish","type":"product","link":"https:\/\/www.bovie-imkerschutz.de\/fr\/produkt\/overall-mit-wulstkragen\/","title":{"rendered":"Combinaison avec col renforc\u00e9"},"content":{"rendered":"<p><\/p>\n<h5><strong>Combinaison avec col renforc\u00e9<\/strong><\/h5>\n<p>en coton env. 220g\/qm, manches avec poignets en tricot, longue<br \/>\nfermeture \u00e9clair sur l&rsquo;avant fermeture des jambes avec \u00e9lastique<br \/>\net fermeture \u00e9clair. 1 poche de poitrine et 2 de c\u00f4te. Le col dur<br \/>\nest en PE hydrofuge.<br \/>\nLes combinaisons sont pr\u00e9lav\u00e9s et lavables jusq&rsquo;\u00e0 60\u00b0 C.<\/p>\n<p>Tailles disponibles: <a href=\"https:\/\/www.bovie-imkerschutz.de\/wp-content\/uploads\/2023\/02\/sizes_vetements.pdf\" target=\"_blank\" rel=\"noopener noreferrer\"> T\u00e9l\u00e9charger ici <\/a><\/p>\n<p>D\u00e9claration de conformit\u00e9: <a href=\"https:\/\/www.bovie-imkerschutz.de\/wp-content\/uploads\/2023\/01\/Declaration_conformite_Vetements_blanc_Voiles.pdf\">T\u00e9l\u00e9charger ici<\/a><\/p>\n<p>Fiche d&rsquo;information: <a href=\"https:\/\/www.bovie-imkerschutz.de\/wp-content\/uploads\/2023\/01\/Information-vetements-blanc-F.pdf\" target=\"_blank\" rel=\"noopener noreferrer\"> T\u00e9l\u00e9charger ici <\/a><\/p>","protected":false},"excerpt":{"rendered":"<p>Combinaison avec col renforc\u00e9 en coton env. 220g\/qm, manches avec poignets en tricot, longue fermeture \u00e9clair sur l&rsquo;avant fermeture des jambes avec \u00e9lastique et fermeture \u00e9clair. 1 poche de poitrine et 2 de c\u00f4te. Le col dur est en PE hydrofuge. Les combinaisons sont pr\u00e9lav\u00e9s et lavables jusq&rsquo;\u00e0 60\u00b0 C. [&hellip;]<\/p>\n","protected":false},"featured_media":428,"template":"","meta":[],"_links":{"self":[{"href":"https:\/\/www.bovie-imkerschutz.de\/fr\/wp-json\/wp\/v2\/product\/188"}],"collection":[{"href":"https:\/\/www.bovie-imkerschutz.de\/fr\/wp-json\/wp\/v2\/product"}],"about":[{"href":"https:\/\/www.bovie-imkerschutz.de\/fr\/wp-json\/wp\/v2\/types\/product"}],"wp:featuredmedia":[{"embeddable":true,"href":"https:\/\/www.bovie-imkerschutz.de\/fr\/wp-json\/wp\/v2\/media\/428"}],"wp:attachment":[{"href":"https:\/\/www.bovie-imkerschutz.de\/fr\/wp-json\/wp\/v2\/media?parent=188"}],"curies":[{"name":"wp","href":"https:\/\/api.w.org\/{rel}","templated":true}]}}