{"id":187,"date":"2018-03-15T13:05:14","date_gmt":"2018-03-15T12:05:14","guid":{"rendered":"http:\/\/www.bovie-imkerschutz.de\/?post_type=product&#038;p=187"},"modified":"2023-11-30T10:42:12","modified_gmt":"2023-11-30T09:42:12","slug":"jacke-mit-wulstkragen","status":"publish","type":"product","link":"https:\/\/www.bovie-imkerschutz.de\/fr\/produkt\/jacke-mit-wulstkragen\/","title":{"rendered":"Blouson avec col renforc\u00e9"},"content":{"rendered":"<p><\/p>\n<h5><strong>Blouson avec col renforc\u00e9<\/strong><\/h5>\n<p>en coton env. 220g\/qm, manches avec poignetes en tricot,<br \/>\nfermeture \u00e9clair sur l&rsquo;avant, fermeture inf\u00e9rieure avec \u00e9lastique.<br \/>\n1 poche de poitrine et 2 de c\u00f4t\u00e9. Le col dur est en PE hydrofuge.<br \/>\nLes blousons sont pr\u00e9lav\u00e9s et lavables jusq&rsquo;\u00e0 60\u00b0 C.<\/p>\n<p>Tailles disponibles: <a href=\"https:\/\/www.bovie-imkerschutz.de\/wp-content\/uploads\/2023\/02\/sizes_vetements.pdf\" target=\"_blank\" rel=\"noopener noreferrer\"> T\u00e9l\u00e9charger ici <\/a><\/p>\n<p>D\u00e9claration de conformit\u00e9: <a href=\"https:\/\/www.bovie-imkerschutz.de\/wp-content\/uploads\/2023\/01\/Declaration_conformite_Vetements_blanc_Voiles.pdf\">T\u00e9l\u00e9charger ici<\/a><\/p>\n<p>Fiche d&rsquo;information: <a href=\"https:\/\/www.bovie-imkerschutz.de\/wp-content\/uploads\/2023\/01\/Information-vetements-blanc-F.pdf\" target=\"_blank\" rel=\"noopener noreferrer\"> T\u00e9l\u00e9charger ici <\/a><\/p>","protected":false},"excerpt":{"rendered":"<p>Blouson avec col renforc\u00e9 en coton env. 220g\/qm, manches avec poignetes en tricot, fermeture \u00e9clair sur l&rsquo;avant, fermeture inf\u00e9rieure avec \u00e9lastique. 1 poche de poitrine et 2 de c\u00f4t\u00e9. Le col dur est en PE hydrofuge. Les blousons sont pr\u00e9lav\u00e9s et lavables jusq&rsquo;\u00e0 60\u00b0 C. Tailles disponibles: T\u00e9l\u00e9charger ici D\u00e9claration [&hellip;]<\/p>\n","protected":false},"featured_media":989,"template":"","meta":[],"_links":{"self":[{"href":"https:\/\/www.bovie-imkerschutz.de\/fr\/wp-json\/wp\/v2\/product\/187"}],"collection":[{"href":"https:\/\/www.bovie-imkerschutz.de\/fr\/wp-json\/wp\/v2\/product"}],"about":[{"href":"https:\/\/www.bovie-imkerschutz.de\/fr\/wp-json\/wp\/v2\/types\/product"}],"wp:featuredmedia":[{"embeddable":true,"href":"https:\/\/www.bovie-imkerschutz.de\/fr\/wp-json\/wp\/v2\/media\/989"}],"wp:attachment":[{"href":"https:\/\/www.bovie-imkerschutz.de\/fr\/wp-json\/wp\/v2\/media?parent=187"}],"curies":[{"name":"wp","href":"https:\/\/api.w.org\/{rel}","templated":true}]}}