{"id":405,"date":"2018-03-20T00:05:51","date_gmt":"2018-03-19T23:05:51","guid":{"rendered":"http:\/\/www.bovie-imkerschutz.de\/?page_id=405"},"modified":"2024-07-31T11:18:52","modified_gmt":"2024-07-31T09:18:52","slug":"kontakt","status":"publish","type":"page","link":"https:\/\/www.bovie-imkerschutz.de\/fr\/kontakt\/","title":{"rendered":"Contact"},"content":{"rendered":"<p>Nous sommes heureux de r\u00e9pondre \u00e0 vos questions aux adresses suivantes :<\/p>\n<p>&nbsp;<\/p>\n<p><strong>En personne ou par courrier \u00e0 :<\/strong><\/p>\n<p>Bovie GmbH &amp; Co. KG<\/p>\n<p>Industriering 46<\/p>\n<p>41751 Viersen \/ Allemagne<\/p>\n<p>&nbsp;<\/p>\n<p><strong>Par t\u00e9l\u00e9phone au num\u00e9ro suivant :<\/strong><\/p>\n<p>+49-(0)2162-450607<\/p>\n<p>&nbsp;<\/p>\n<p><strong>ou \u00e9galement par e-mail \u00e0 l&rsquo;adresse suivante :<\/strong><\/p>\n<p><a rel=\"noreferrer\" href=\"mailto:Bovie.arbeitsschutz@t-online.de\">Bovie.arbeitsschutz@t-online.de<\/a><\/p>\n<p>&nbsp;<\/p>\n<p>Nous traiterons votre demande dans les plus brefs d\u00e9lais et nous vous recontacterons rapidement.<\/p>","protected":false},"excerpt":{"rendered":"<p>Nous sommes heureux de r\u00e9pondre \u00e0 vos questions aux adresses suivantes : &nbsp; En personne ou par courrier \u00e0 : Bovie GmbH &amp; Co. KG Industriering 46 41751 Viersen \/ Allemagne &nbsp; Par t\u00e9l\u00e9phone au num\u00e9ro suivant : +49-(0)2162-450607 &nbsp; ou \u00e9galement par e-mail \u00e0 l&rsquo;adresse suivante : Bovie.arbeitsschutz@t-online.de &nbsp; [&hellip;]<\/p>\n","protected":false},"author":2,"featured_media":0,"parent":0,"menu_order":0,"comment_status":"closed","ping_status":"closed","template":"","meta":[],"_links":{"self":[{"href":"https:\/\/www.bovie-imkerschutz.de\/fr\/wp-json\/wp\/v2\/pages\/405"}],"collection":[{"href":"https:\/\/www.bovie-imkerschutz.de\/fr\/wp-json\/wp\/v2\/pages"}],"about":[{"href":"https:\/\/www.bovie-imkerschutz.de\/fr\/wp-json\/wp\/v2\/types\/page"}],"author":[{"embeddable":true,"href":"https:\/\/www.bovie-imkerschutz.de\/fr\/wp-json\/wp\/v2\/users\/2"}],"replies":[{"embeddable":true,"href":"https:\/\/www.bovie-imkerschutz.de\/fr\/wp-json\/wp\/v2\/comments?post=405"}],"version-history":[{"count":3,"href":"https:\/\/www.bovie-imkerschutz.de\/fr\/wp-json\/wp\/v2\/pages\/405\/revisions"}],"predecessor-version":[{"id":1016,"href":"https:\/\/www.bovie-imkerschutz.de\/fr\/wp-json\/wp\/v2\/pages\/405\/revisions\/1016"}],"wp:attachment":[{"href":"https:\/\/www.bovie-imkerschutz.de\/fr\/wp-json\/wp\/v2\/media?parent=405"}],"curies":[{"name":"wp","href":"https:\/\/api.w.org\/{rel}","templated":true}]}}