{"id":144,"date":"2018-03-13T23:00:55","date_gmt":"2018-03-13T22:00:55","guid":{"rendered":"http:\/\/www.bovie-imkerschutz.de\/?page_id=144"},"modified":"2018-11-23T15:06:46","modified_gmt":"2018-11-23T14:06:46","slug":"neue-artikel","status":"publish","type":"page","link":"https:\/\/www.bovie-imkerschutz.de\/fr\/neue-artikel\/","title":{"rendered":"Nouveau"},"content":{"rendered":"<div class=\"aws-container\" data-url=\"\/fr\/?wc-ajax=aws_action\" data-siteurl=\"https:\/\/www.bovie-imkerschutz.de\/fr\" data-lang=\"fr\" data-show-loader=\"true\" data-show-more=\"false\" data-show-page=\"false\" data-ajax-search=\"true\" data-show-clear=\"false\" data-mobile-screen=\"false\" data-use-analytics=\"false\" data-min-chars=\"1\" data-buttons-order=\"3\" data-timeout=\"300\" data-is-mobile=\"false\" data-page-id=\"0\" data-tax=\"\" ><form class=\"aws-search-form\" action=\"https:\/\/www.bovie-imkerschutz.de\/fr\/\" method=\"get\" role=\"search\" ><div class=\"aws-wrapper\"><label class=\"aws-search-label\" for=\"69decf939bb83\">Suche...<\/label><input type=\"search\" name=\"s\" id=\"69decf939bb83\" value=\"\" class=\"aws-search-field\" placeholder=\"Suche...\" autocomplete=\"off\" \/><input type=\"hidden\" name=\"post_type\" value=\"product\"><input type=\"hidden\" name=\"type_aws\" value=\"true\"><input type=\"hidden\" name=\"lang\" value=\"fr\"><div class=\"aws-search-clear\"><span>\u00d7<\/span><\/div><div class=\"aws-loader\"><\/div><\/div><div class=\"aws-search-btn aws-form-btn\"><span class=\"aws-search-btn_icon\"><svg focusable=\"false\" xmlns=\"http:\/\/www.w3.org\/2000\/svg\" viewBox=\"0 0 24 24\" width=\"24px\"><path d=\"M15.5 14h-.79l-.28-.27C15.41 12.59 16 11.11 16 9.5 16 5.91 13.09 3 9.5 3S3 5.91 3 9.5 5.91 16 9.5 16c1.61 0 3.09-.59 4.23-1.57l.27.28v.79l5 4.99L20.49 19l-4.99-5zm-6 0C7.01 14 5 11.99 5 9.5S7.01 5 9.5 5 14 7.01 14 9.5 11.99 14 9.5 14z\"><\/path><\/svg><\/span><\/div><\/form><\/div>\n<div class=\"woocommerce columns-3 \"><ul class=\"products columns-3\">\n<li class=\"post-829 product type-product status-publish has-post-thumbnail product_cat-bekleidung product_cat-imker-jacken product_cat-neuste-artikel first instock shipping-taxable purchasable product-type-simple\">\n\t<a href=\"https:\/\/www.bovie-imkerschutz.de\/fr\/produkt\/jacke-teilventiliert\/\" class=\"woocommerce-LoopProduct-link woocommerce-loop-product__link\"><img width=\"230\" height=\"288\" src=\"https:\/\/www.bovie-imkerschutz.de\/wp-content\/uploads\/2023\/11\/78JRV-4-230x288.jpg\" class=\"attachment-woocommerce_thumbnail size-woocommerce_thumbnail\" alt=\"\" loading=\"lazy\" srcset=\"https:\/\/www.bovie-imkerschutz.de\/wp-content\/uploads\/2023\/11\/78JRV-4-230x288.jpg 230w, https:\/\/www.bovie-imkerschutz.de\/wp-content\/uploads\/2023\/11\/78JRV-4-460x576.jpg 460w\" sizes=\"(max-width: 230px) 100vw, 230px\" \/><h2 class=\"woocommerce-loop-product__title\">Blouson a\u00e9r\u00e9<\/h2>\n<\/a><\/li>\n<li class=\"post-831 product type-product status-publish has-post-thumbnail product_cat-bekleidung product_cat-imker-jacken product_cat-neuste-artikel instock shipping-taxable purchasable product-type-simple\">\n\t<a href=\"https:\/\/www.bovie-imkerschutz.de\/fr\/produkt\/jacke-vollventiliert\/\" class=\"woocommerce-LoopProduct-link woocommerce-loop-product__link\"><img width=\"230\" height=\"288\" src=\"https:\/\/www.bovie-imkerschutz.de\/wp-content\/uploads\/2023\/11\/78JR3D-3-230x288.jpg\" class=\"attachment-woocommerce_thumbnail size-woocommerce_thumbnail\" alt=\"\" loading=\"lazy\" srcset=\"https:\/\/www.bovie-imkerschutz.de\/wp-content\/uploads\/2023\/11\/78JR3D-3-230x288.jpg 230w, https:\/\/www.bovie-imkerschutz.de\/wp-content\/uploads\/2023\/11\/78JR3D-3-460x576.jpg 460w\" sizes=\"(max-width: 230px) 100vw, 230px\" \/><h2 class=\"woocommerce-loop-product__title\">Blouson enti\u00e8rement a\u00e9r\u00e9<\/h2><\/a><\/li>\n<li class=\"post-827 product type-product status-publish has-post-thumbnail product_cat-bekleidung product_cat-imker-overalls product_cat-neuste-artikel last instock shipping-taxable purchasable product-type-simple\">\n\t<a href=\"https:\/\/www.bovie-imkerschutz.de\/fr\/produkt\/overall-teilventiliert\/\" class=\"woocommerce-LoopProduct-link woocommerce-loop-product__link\"><img width=\"230\" height=\"288\" src=\"https:\/\/www.bovie-imkerschutz.de\/wp-content\/uploads\/2023\/11\/78OV-230x288.jpg\" class=\"attachment-woocommerce_thumbnail size-woocommerce_thumbnail\" alt=\"\" loading=\"lazy\" srcset=\"https:\/\/www.bovie-imkerschutz.de\/wp-content\/uploads\/2023\/11\/78OV-230x288.jpg 230w, https:\/\/www.bovie-imkerschutz.de\/wp-content\/uploads\/2023\/11\/78OV-460x576.jpg 460w\" sizes=\"(max-width: 230px) 100vw, 230px\" \/><h2 class=\"woocommerce-loop-product__title\">Combinaison a\u00e9r\u00e9e<\/h2><\/a><\/li>\n<li class=\"post-835 product type-product status-publish has-post-thumbnail product_cat-bekleidung product_cat-imker-overalls product_cat-neuste-artikel first instock shipping-taxable purchasable product-type-simple\">\n\t<a href=\"https:\/\/www.bovie-imkerschutz.de\/fr\/produkt\/overall-vollventiliert\/\" class=\"woocommerce-LoopProduct-link woocommerce-loop-product__link\"><img width=\"230\" height=\"288\" src=\"https:\/\/www.bovie-imkerschutz.de\/wp-content\/uploads\/2023\/11\/78O3D-230x288.jpg\" class=\"attachment-woocommerce_thumbnail size-woocommerce_thumbnail\" alt=\"\" loading=\"lazy\" srcset=\"https:\/\/www.bovie-imkerschutz.de\/wp-content\/uploads\/2023\/11\/78O3D-230x288.jpg 230w, https:\/\/www.bovie-imkerschutz.de\/wp-content\/uploads\/2023\/11\/78O3D-460x576.jpg 460w\" sizes=\"(max-width: 230px) 100vw, 230px\" \/><h2 class=\"woocommerce-loop-product__title\">Combinaison enti\u00e8rement a\u00e9r\u00e9e<\/h2><\/a><\/li>\n<\/ul>\n<\/div>\n","protected":false},"excerpt":{"rendered":"","protected":false},"author":2,"featured_media":0,"parent":0,"menu_order":0,"comment_status":"closed","ping_status":"closed","template":"","meta":[],"_links":{"self":[{"href":"https:\/\/www.bovie-imkerschutz.de\/fr\/wp-json\/wp\/v2\/pages\/144"}],"collection":[{"href":"https:\/\/www.bovie-imkerschutz.de\/fr\/wp-json\/wp\/v2\/pages"}],"about":[{"href":"https:\/\/www.bovie-imkerschutz.de\/fr\/wp-json\/wp\/v2\/types\/page"}],"author":[{"embeddable":true,"href":"https:\/\/www.bovie-imkerschutz.de\/fr\/wp-json\/wp\/v2\/users\/2"}],"replies":[{"embeddable":true,"href":"https:\/\/www.bovie-imkerschutz.de\/fr\/wp-json\/wp\/v2\/comments?post=144"}],"version-history":[{"count":4,"href":"https:\/\/www.bovie-imkerschutz.de\/fr\/wp-json\/wp\/v2\/pages\/144\/revisions"}],"predecessor-version":[{"id":689,"href":"https:\/\/www.bovie-imkerschutz.de\/fr\/wp-json\/wp\/v2\/pages\/144\/revisions\/689"}],"wp:attachment":[{"href":"https:\/\/www.bovie-imkerschutz.de\/fr\/wp-json\/wp\/v2\/media?parent=144"}],"curies":[{"name":"wp","href":"https:\/\/api.w.org\/{rel}","templated":true}]}}