{"id":399,"date":"2018-03-19T23:42:20","date_gmt":"2018-03-19T22:42:20","guid":{"rendered":"http:\/\/www.bovie-imkerschutz.de\/?page_id=399"},"modified":"2018-11-23T09:41:44","modified_gmt":"2018-11-23T08:41:44","slug":"impressum","status":"publish","type":"page","link":"https:\/\/www.bovie-imkerschutz.de\/en\/impressum\/","title":{"rendered":"Impress"},"content":{"rendered":"<p><img loading=\"lazy\" src=\"https:\/\/www.bovie-imkerschutz.de\/wp-content\/uploads\/2018\/03\/biene_13-300x206.jpg\" alt=\"\" class=\" wp-image-20 alignright\" width=\"344\" height=\"237\" srcset=\"https:\/\/www.bovie-imkerschutz.de\/wp-content\/uploads\/2018\/03\/biene_13-300x206.jpg 300w, https:\/\/www.bovie-imkerschutz.de\/wp-content\/uploads\/2018\/03\/biene_13.jpg 400w\" sizes=\"(max-width: 344px) 100vw, 344px\" \/><\/p>\n<h5 style=\"text-align: center;\"><strong>Bovie GmbH &amp; Co. KG<\/strong><br \/>\nIndustriering 46<br \/>\n41751 Viersen \/ Germany<br \/>\nTelefon: +49-(0)2162-450607<br \/>\nTelefax: +49-(0)2162-450608<\/h5>\n<p style=\"text-align: center;\">E-Mail: <a href=\"mailto:bovie.arbeitsschutz@t-online.de\">bovie.arbeitsschutz@t-online.de<\/a><br \/>\nInternet: <a href=\"https:\/\/www.bovie-imkerschutz.de\/\">www.bovie-imkerschutz.de<\/a><\/p>\n<p style=\"text-align: center;\">Pers\u00f6nlich haftende Gesellschafter: Horst Bovie, Barbara Bovie<br \/>\nRegistergericht: Amtsgericht M\u00f6nchengladbach<br \/>\nRegisternummer: HRA 5229<br \/>\nUmsatzsteuer-Identifikationsnummer gem\u00e4\u00df \u00a7 27 a Umsatzsteuergesetz: DE 119114475<\/p>\n<p><\/p>","protected":false},"excerpt":{"rendered":"<p>Bovie GmbH &amp; Co. KG Industriering 46 41751 Viersen \/ Germany Telefon: +49-(0)2162-450607 Telefax: +49-(0)2162-450608 E-Mail: bovie.arbeitsschutz@t-online.de Internet: www.bovie-imkerschutz.de Pers\u00f6nlich haftende Gesellschafter: Horst Bovie, Barbara Bovie Registergericht: Amtsgericht M\u00f6nchengladbach Registernummer: HRA 5229 Umsatzsteuer-Identifikationsnummer gem\u00e4\u00df \u00a7 27 a Umsatzsteuergesetz: DE 119114475<\/p>\n","protected":false},"author":2,"featured_media":0,"parent":0,"menu_order":0,"comment_status":"closed","ping_status":"closed","template":"","meta":[],"_links":{"self":[{"href":"https:\/\/www.bovie-imkerschutz.de\/en\/wp-json\/wp\/v2\/pages\/399"}],"collection":[{"href":"https:\/\/www.bovie-imkerschutz.de\/en\/wp-json\/wp\/v2\/pages"}],"about":[{"href":"https:\/\/www.bovie-imkerschutz.de\/en\/wp-json\/wp\/v2\/types\/page"}],"author":[{"embeddable":true,"href":"https:\/\/www.bovie-imkerschutz.de\/en\/wp-json\/wp\/v2\/users\/2"}],"replies":[{"embeddable":true,"href":"https:\/\/www.bovie-imkerschutz.de\/en\/wp-json\/wp\/v2\/comments?post=399"}],"version-history":[{"count":3,"href":"https:\/\/www.bovie-imkerschutz.de\/en\/wp-json\/wp\/v2\/pages\/399\/revisions"}],"predecessor-version":[{"id":682,"href":"https:\/\/www.bovie-imkerschutz.de\/en\/wp-json\/wp\/v2\/pages\/399\/revisions\/682"}],"wp:attachment":[{"href":"https:\/\/www.bovie-imkerschutz.de\/en\/wp-json\/wp\/v2\/media?parent=399"}],"curies":[{"name":"wp","href":"https:\/\/api.w.org\/{rel}","templated":true}]}}